{"id":34,"date":"2018-06-01T09:35:01","date_gmt":"2018-06-01T07:35:01","guid":{"rendered":"http:\/\/cyclotandemvaucluse.fr\/?page_id=34"},"modified":"2023-05-03T09:30:58","modified_gmt":"2023-05-03T07:30:58","slug":"liens-et-adresses-utiles","status":"publish","type":"page","link":"https:\/\/cyclotandemvaucluse.fr\/?page_id=34","title":{"rendered":"Liens et adresses utiles\/Partenaires"},"content":{"rendered":"<h2><span style=\"color: #0000ff;\">Agir pour l&rsquo;autonomie des d\u00e9ficients visuels:<\/span><\/h2>\n<h3>Association Valentin Ha\u00fcy<\/h3>\n<h3>Comit\u00e9 de Vaucluse<\/h3>\n<h3>16 rue marie-Madeleine<\/h3>\n<h3>84000 Avignon<\/h3>\n<p>lien:<\/p>\n<h3><a href=\"http:\/\/avignon.avh.asso.fr\/taxonomy\/term\/16\">http:\/\/avignon.avh.asso.fr\/taxonomy\/term\/16<\/a><\/h3>\n<h3>09 51 65 83 41<\/h3>\n<hr \/>\n<h2><span style=\"color: #0000ff;\">Transports:<\/span><\/h2>\n<h2><strong>Zou:r\u00e9seau inter urbain bus Vaucluse<\/strong><\/h2>\n<p>lien:<\/p>\n<p><a href=\"https:\/\/www.maregionsud.fr\/transports\/bus-et-trains\/lignes-interurbaines-vaucluse\">https:\/\/www.maregionsud.fr\/transports\/bus-et-trains\/lignes-interurbaines-vaucluse<\/a><\/p>\n<h3>*************<\/h3>\n<h3><strong>*L E R\u00a0 PACA:\u00a0 bus en r\u00e9gion PACA<br \/>\n<\/strong><\/h3>\n<p>lien:<\/p>\n<p>Carte r\u00e9seau et horaires PACA<\/p>\n<p><a href=\"https:\/\/www.info-ler.fr\/465-3C-Horaires-de-bus-et-cars-de-la-Region-Sud-96-Provence-Alpes-Cote-d92Azur-3E-LER.html\">https:\/\/www.info-ler.fr\/465-3C-Horaires-de-bus-et-cars-de-la-Region-Sud-96-Provence-Alpes-Cote-d92Azur-3E-LER.html<\/a><\/p>\n<h3>************<\/h3>\n<h2><strong>*TER PACA\u00a0 : train express r\u00e9gionaux<\/strong><\/h2>\n<p>lien:<\/p>\n<p><a href=\"https:\/\/www.ter.sncf.com\/paca\/depliant\/recherche\">https:\/\/www.ter.sncf.com\/paca\/depliant\/recherche<\/a><\/p>\n<h3>*Acc\u00e8s plus: service accessibilit\u00e9 S N C F<\/h3>\n<p>lien:<\/p>\n<p><a href=\"https:\/\/www.accessibilite.sncf.com\/informations-et-services\/services-handicap-et-autonomie\/nos-services-d-assistance-https-www-accessibilite-sncf-com-informations-et\/acces-plus\">Acc\u00e8s Plus &#8211; Accessibilit\u00e9 SNCF<\/a><\/p>\n<p><strong>par t\u00e9l\u00e9phone\u00a0:<\/strong> <strong>0.890.640.650<\/strong><\/p>\n<p>**********<\/p>\n<h3><strong>* liste des gares proposant le Service Acc\u00e8s Plus :<\/strong><\/h3>\n<p>lien:<\/p>\n<p><a class=\"spip_in\" href=\"https:\/\/www.accessibilite.sncf.com\/informations-et-services\/accessibilite-gare-par-gare\/\">accessibilit\u00e9 gare par gare<\/a>.<\/p>\n<p>**********<\/p>\n<hr \/>\n<h2><span style=\"color: #0000ff;\">Partenaires<\/span><\/h2>\n<p><strong><span style=\"color: #000000;\">*Rotary Club de Gordes<\/span><\/strong><\/p>\n<p><strong>*Lions Club de Cavaillon<\/strong><\/p>\n<p><strong>*XMS Vaucluse<\/strong><\/p>\n<p><strong>*AB Cycles Cavaillon<\/strong><\/p>\n<p><strong>Absolute bike Provence<\/strong><\/p>\n<p><strong>*La Provence<\/strong><\/p>\n<p><strong>*Vaucluse Matin<\/strong><\/p>\n<p><strong>*V\u00e9lo loisirs en Provence<\/strong><\/p>\n<p><strong>*Suc Cyclisme Cavaillon<\/strong><\/p>\n<p><strong>*Gordes V\u00e9lo Evasion<br \/>\n<\/strong><\/p>\n<p><strong>*Mairie de Goult<\/strong><\/p>\n<p><strong>Enseignes Gambus\u00a0 Cavaillon<\/strong><\/p>\n<p><strong><em>Ainsi que de nombreux partenaires et donateurs que nous remercions chaleureusement pour leur soutien.<\/em><\/strong><\/p>\n","protected":false},"excerpt":{"rendered":"<p>Agir pour l&rsquo;autonomie des d\u00e9ficients visuels: Association Valentin Ha\u00fcy Comit\u00e9 de Vaucluse 16 rue marie-Madeleine 84000 Avignon lien: http:\/\/avignon.avh.asso.fr\/taxonomy\/term\/16 09 51 65 83 41 Transports: Zou:r\u00e9seau inter urbain bus Vaucluse lien: https:\/\/www.maregionsud.fr\/transports\/bus-et-trains\/lignes-interurbaines-vaucluse ************* *L E R\u00a0 PACA:\u00a0 bus en r\u00e9gion PACA lien: Carte r\u00e9seau et horaires PACA https:\/\/www.info-ler.fr\/465-3C-Horaires-de-bus-et-cars-de-la-Region-Sud-96-Provence-Alpes-Cote-d92Azur-3E-LER.html ************ *TER PACA\u00a0 : train express r\u00e9gionaux [&hellip;]<\/p>\n","protected":false},"author":1,"featured_media":0,"parent":0,"menu_order":0,"comment_status":"closed","ping_status":"closed","template":"","meta":{"footnotes":""},"class_list":["post-34","page","type-page","status-publish","hentry"],"aioseo_notices":[],"_links":{"self":[{"href":"https:\/\/cyclotandemvaucluse.fr\/index.php?rest_route=\/wp\/v2\/pages\/34","targetHints":{"allow":["GET"]}}],"collection":[{"href":"https:\/\/cyclotandemvaucluse.fr\/index.php?rest_route=\/wp\/v2\/pages"}],"about":[{"href":"https:\/\/cyclotandemvaucluse.fr\/index.php?rest_route=\/wp\/v2\/types\/page"}],"author":[{"embeddable":true,"href":"https:\/\/cyclotandemvaucluse.fr\/index.php?rest_route=\/wp\/v2\/users\/1"}],"replies":[{"embeddable":true,"href":"https:\/\/cyclotandemvaucluse.fr\/index.php?rest_route=%2Fwp%2Fv2%2Fcomments&post=34"}],"version-history":[{"count":31,"href":"https:\/\/cyclotandemvaucluse.fr\/index.php?rest_route=\/wp\/v2\/pages\/34\/revisions"}],"predecessor-version":[{"id":4402,"href":"https:\/\/cyclotandemvaucluse.fr\/index.php?rest_route=\/wp\/v2\/pages\/34\/revisions\/4402"}],"wp:attachment":[{"href":"https:\/\/cyclotandemvaucluse.fr\/index.php?rest_route=%2Fwp%2Fv2%2Fmedia&parent=34"}],"curies":[{"name":"wp","href":"https:\/\/api.w.org\/{rel}","templated":true}]}}