{"id":14,"date":"2018-05-29T19:09:44","date_gmt":"2018-05-29T17:09:44","guid":{"rendered":"http:\/\/cyclotandemvaucluse.fr\/?page_id=14"},"modified":"2025-01-08T12:30:47","modified_gmt":"2025-01-08T11:30:47","slug":"qui-sommes-nous","status":"publish","type":"page","link":"https:\/\/cyclotandemvaucluse.fr\/?page_id=14","title":{"rendered":"Qui sommes nous?"},"content":{"rendered":"<h2><strong><em>QUI SOMMES-NOUS\u00a0?\u00a0\u00a0\u00a0\u00a0\u00a0\u00a0\u00a0\u00a0\u00a0\u00a0\u00a0\u00a0\u00a0\u00a0\u00a0\u00a0\u00a0 <img loading=\"lazy\" decoding=\"async\" class=\"alignnone size-full wp-image-220\" src=\"https:\/\/cyclotandemvaucluse.fr\/wp-content\/uploads\/2018\/08\/logo-A-V-H.png\" alt=\"\" width=\"180\" height=\"127\" \/><br \/>\n<\/em><\/strong><\/h2>\n<h1><strong>L&rsquo;Association Valentin Ha\u00fcy<\/strong><\/h1>\n<p><strong>Origine<\/strong><\/p>\n<p>L&rsquo;association a \u00e9t\u00e9 cr\u00e9\u00e9e en 1889 par Maurice de la Sizeranne (1857-1924), sous le nom de celui que l&rsquo;on a pu appeler \u00able premier instituteur des aveugles\u00bb. Valentin Ha\u00fcy (1745-1822) fonda, en 1784, la premi\u00e8re \u00e9cole pour jeunes aveugles des deux sexes. Il leur apprit \u00e0 lire gr\u00e2ce \u00e0 des caract\u00e8res grav\u00e9s en relief comme ceux utilis\u00e9s dans l&rsquo;imprimerie.<\/p>\n<p>Son \u00e9cole, nationalis\u00e9e en 1791, fut \u00e0 l&rsquo;origine de l&rsquo;Institution royale des jeunes aveugles sous la Restauration, o\u00f9 le jeune Louis Braille, aveugle de naissance, mit au point, entre 1826 et 1829, son c\u00e9l\u00e8bre syst\u00e8me d&rsquo;\u00e9criture sous forme de combinaisons de six points en relief par caract\u00e8re, toujours actuel. Cette institution est ensuite devenue l&rsquo;Institut national des jeunes aveugles (INJA), toujours tr\u00e8s actif.<\/p>\n<p>L&rsquo;Association Valentin Ha\u00fcy au service des aveugles et des malvoyants fut <strong>reconnue d&rsquo;utilit\u00e9<\/strong> <strong>publique<\/strong> en 1891, qualit\u00e9 confirm\u00e9e apr\u00e8s la loi de 1901 sur les associations.<\/p>\n<p><strong>Organisation<\/strong><\/p>\n<p>L&rsquo;Association Valentin Ha\u00fcy (prononcer : A-U-I) au service des aveugles et des malvoyants exerce sa mission tant \u00e0 son si\u00e8ge parisien qu&rsquo;\u00e0 travers ses 80 Comit\u00e9s r\u00e9gionaux et locaux cr\u00e9\u00e9s dans toute la France.<\/p>\n<h1><strong><em>ET DANS LE VAUCLUSE\u00a0?<\/em><\/strong><\/h1>\n<p><strong>Pr\u00e9sidente :<\/strong> Monique Perrier<\/p>\n<p>16 rue Marie Madeleine<\/p>\n<p>84000 Avignon<\/p>\n<p>T\u00e9l : 09 51 65 83 41<\/p>\n<p>Mail : <a href=\"mailto:comite.vaucluse@avh.asso.fr\">comite.vaucluse@avh.asso.fr<\/a><\/p>\n<p><strong>Le comit\u00e9 de Vaucluse et du Proche Avignon<\/strong> a pour objectif de venir en aide aux personnes non ou mal voyantes et favoriser leur autonomie.\u00a0Pour l\u2019assurer au plus pr\u00e8s des b\u00e9n\u00e9ficiaires pour lesquels le transport est un souci primordial, \u00a08 correspondances ont \u00e9t\u00e9 cr\u00e9\u00e9es : Apt, Avignon,Cavaillon, Ch\u00e2teaurenard, Sorgues, Vaison la Romaine, Valr\u00e9as et Villeneuve lez Avignon.<\/p>\n<p><strong>Le Comit\u00e9 propose :<\/strong><\/p>\n<p><strong> &#8211; Des cours individuels dans divers domaines :<\/strong> Braille, informatique, nouvelles technologies\u2026<\/p>\n<p><strong>\u00a0 &#8211; Des activit\u00e9s de groupe : <\/strong>Manuelles, culturelles ou physiques au sein du comit\u00e9 pour permettre de rompre l\u2019isolement, de participer et de retrouver \u00a0une vie sociale.<\/p>\n<p><strong>\u00a0&#8211; Une pr\u00e9sentation sur rendez-vous de mat\u00e9riels adapt\u00e9s \u00e0 la d\u00e9ficience visuelle :<\/strong> cannes, montres parlantes, mat\u00e9riel braille\u2026<\/p>\n<p>Le comit\u00e9 intervient aussi, \u00a0dans l\u2019accompagnement des jeunes pour leurs d\u00e9marches professionnelles et aupr\u00e8s de la classe ULIS \u00e0 l\u2019\u00e9cole de Montfavet.<\/p>\n<p>Dans cette dynamique, \u00a0l\u2019appui des b\u00e9n\u00e9voles est indispensable \u00a0pour am\u00e9liorer l\u2019autonomie lors des activit\u00e9s propos\u00e9es.<\/p>\n<h1><strong><em><u>LE CLUB\u00a0 CYCLO-TANDEM DE L\u2019A V H\u00a0 VAUCLUSE<\/u><\/em><\/strong><\/h1>\n<p style=\"text-align: center;\"><img loading=\"lazy\" decoding=\"async\" class=\"alignnone wp-image-221\" src=\"https:\/\/cyclotandemvaucluse.fr\/wp-content\/uploads\/2018\/08\/logo-cyclo-tandem-vaucluse-300x270.png\" alt=\"\" width=\"156\" height=\"140\" srcset=\"https:\/\/cyclotandemvaucluse.fr\/wp-content\/uploads\/2018\/08\/logo-cyclo-tandem-vaucluse-300x270.png 300w, https:\/\/cyclotandemvaucluse.fr\/wp-content\/uploads\/2018\/08\/logo-cyclo-tandem-vaucluse-768x690.png 768w, https:\/\/cyclotandemvaucluse.fr\/wp-content\/uploads\/2018\/08\/logo-cyclo-tandem-vaucluse-1024x920.png 1024w\" sizes=\"auto, (max-width: 156px) 100vw, 156px\" \/><\/p>\n<p>2013\u00a0: Jean-Paul IMBERT, chef d\u2019entreprise \u00e0 Gordes, devenu mal voyant, a cess\u00e9 son activit\u00e9 et ne peut plus faire de v\u00e9lo. Un ami lui propose de louer un tandem .C\u2019est le d\u00e9but de l\u2019aventure, les deux amis p\u00e9dalent r\u00e9guli\u00e8rement et Jean-Paul va lancer l\u2019activit\u00e9 tandem \u00e0 L\u2019A V H\u00a0!<\/p>\n<p>2014\u00a0: organisation de sorties mensuelles, entra\u00eenement sur le V\u00e9lodrome de Cavaillon<\/p>\n<p>Participation au Tour Historique du Vaucluse pour le T\u00e9l\u00e9thon<\/p>\n<p>2015\u00a0: Ascension du Mont Ventoux (par Malauc\u00e8ne)<\/p>\n<p>Ascension du Mont Ventoux (par Sault)<\/p>\n<p>S\u00e9jour tandem de 5 jours \u00e0 Sigonce (04)<\/p>\n<p>T\u00e9l\u00e9thon Vaucluse (Avignon)\u00a0: cr\u00e9ation d\u2019un man\u00e8ge pour enfants reli\u00e9 \u00e0 un tandem<\/p>\n<p>Participation au \u00a0Bike and Run du Triathlon-Club de Cavaillon<\/p>\n<p>Sortis mensuelles<\/p>\n<p>2016\u00a0:<\/p>\n<p>Ascension du Mont Ventoux (par B\u00e9doin) pour le T\u00e9l\u00e9thon<\/p>\n<p>S\u00e9jour tandem de 5 jours \u00e0 Maussane (13)<\/p>\n<p>Participation \u00e0 L\u2019Ard\u00e9choise Verte (07)<\/p>\n<p>Participation au Bike and Run\u00a0: 10 \u00e9quipes<\/p>\n<p>T\u00e9l\u00e9thon Cavaillon\u00a0: Man\u00e8ge pour enfants reli\u00e9 \u00e0 un tandem<\/p>\n<p>Sorties mensuelles<\/p>\n<p>2017\u00a0:<\/p>\n<p>S\u00e9jour tandem de 5 jours \u00e0 Barret sur M\u00e9ouge (05)<\/p>\n<p>Ascension du Mont Ventoux par Sault (2)<\/p>\n<p>Participation \u00e0 L\u2019ard\u00e9choise Verte<\/p>\n<p>Tour de l\u2019Aude Handisport<\/p>\n<p>Sorties mensuelles<\/p>\n<h3><strong>2018:<\/strong><\/h3>\n<p>S\u00e9jour tandem 5 jours Francillon sur Rubion (Dr\u00f4me) en mai<\/p>\n<p>Ascension Ventoux Mai<\/p>\n<p>Ard\u00e9choise 21\/22\/23 juin<\/p>\n<p>S\u00e9jour tandem en Belgique du 16 au 21 Juillet<\/p>\n<p>Ascension\u00a0 nocturne du Mont Ventoux avec le V\u00e9loroc VTAE de Cavaillon<\/p>\n<p>Roc azur \u00e0 Fr\u00e9jus Octobre<\/p>\n<p>Sorties bi-mensuelles<\/p>\n<p>Affiliation \u00e0 la f\u00e9d\u00e9ration Fran\u00e7aise Handisport<\/p>\n<p><img loading=\"lazy\" decoding=\"async\" class=\"alignnone wp-image-219\" src=\"https:\/\/cyclotandemvaucluse.fr\/wp-content\/uploads\/2018\/08\/logo-handisport.png\" alt=\"\" width=\"145\" height=\"30\" \/><\/p>\n<h2><strong>2019:<\/strong><\/h2>\n<p>Rallye surprise en mai<\/p>\n<p>S\u00e9jour dans le Jura en mai<\/p>\n<p>Sortie avec le cyclo club de Marsanne , prix d&rsquo;honneur(Dr\u00f4me) en mai<\/p>\n<p>S\u00e9jour en Ard\u00e8che \u00e0 Sainte Eulalie en juin (14 tandems)<\/p>\n<p>Ard\u00e9choise en juin, 35 personnes<\/p>\n<p>S\u00e9jour \u00e0 Val Joly (Cyclocorur de Namur, Belgique) en juillet<\/p>\n<p>2\u00e8me \u00e9dition du Ventoux by night en aout<\/p>\n<p>Journ\u00e9e champ\u00eatre et grande paella \u00e0 Goult en septembre<\/p>\n<p>Participation journ\u00e9e \u00ab\u00a0Place aux sports\u00a0\u00bb \u00e0 l&rsquo;hippodrome de cavaillon en septembre<\/p>\n<p>Sorties bi-mensuelles<\/p>\n<h2><strong>\u00a02020:<\/strong><\/h2>\n<p><strong>Repas annuel janvier<\/strong><\/p>\n<p><strong>Rallye surprise en mai (annul\u00e9 covid)<br \/>\n<\/strong><\/p>\n<p><strong>S\u00e9jour \u00e0 APT (Vaucluse) en juin annul\u00e9 covid)<br \/>\n<\/strong><\/p>\n<p><strong>3\u00e8me \u00e9dition du Ventoux by night en ao\u00fbt<\/strong><\/p>\n<p><strong>Journ\u00e9e Champ\u00eatre en septembre<br \/>\n<\/strong><\/p>\n<h2><strong>2021:<\/strong><\/h2>\n<h2><span style=\"color: #0000ff;\"><em><strong>En raison de la situation sanitaire, beaucoup de projets ont du \u00eatre annules, n\u00e9anmoins nous avons pu maintenir certaines activit\u00e9s:<\/strong><\/em><\/span><\/h2>\n<h2><strong>La plupart des sorties r\u00e9guli\u00e8res<\/strong><\/h2>\n<h2><strong>Le septuaraiden mai\/juin : 1100 km en tandem pour relier Namur \u00e0 Gordes pour deux non voyants et leurs pilotes<\/strong><\/h2>\n<h2><strong>les animations lors du passage du tour de France en juillet<\/strong><\/h2>\n<h2><strong>Le Ventous by night en ao\u00fbt<\/strong><\/h2>\n<h2><strong>La journ\u00e9e champ\u00eatre en septembre<\/strong><\/h2>\n<h2><strong>Participation au Salon V\u00e9lo Passion en Avignon\u00a0 en novembre<\/strong><\/h2>\n<h2><strong>Assembl\u00e9e et repas annuel en d\u00e9cembre<\/strong><\/h2>\n<h2><strong>participation au T\u00e9l\u00e9thon en d\u00e9cembre<\/strong><\/h2>\n<h2>2022<\/h2>\n<h2><strong>Sorties mensuelles<\/strong><\/h2>\n<h2><strong>S\u00e9jour en Alsace<\/strong><\/h2>\n<h2><strong>Ventoux by night<\/strong><\/h2>\n<h2><strong>Journ\u00e9e champ\u00eatre en septembre<\/strong><\/h2>\n<h2><strong>Challenge 7 cols pour une \u00e9cole : 377 kms et 11550 m de d\u00e9nivel\u00e9 pour gravie 7 les 7 cols majeurs<\/strong><\/h2>\n<h2><strong>Journ\u00e9e tous \u00e0 v\u00e9lo avec V\u00e9lo Loisirs en Provence<\/strong><\/h2>\n<h2>2023<\/h2>\n<h2><strong>Sorties mensuelles<\/strong><\/h2>\n<h2><strong>Participation \u00e0 Mars Bleu d\u00e9fie le Ventoux<\/strong><\/h2>\n<h2><strong>\u00a0Avril: Journ\u00e9e\u00a0\u00bb sois sport 2023&Prime; \u00e0 Cavaillon<\/strong><\/h2>\n<h2><strong>Mai: Participation Challenge 47 \u00e0 Gordes (sensibilisation \u00e0 la maladie de Parkinson)<\/strong><\/h2>\n<h2><strong>Juin: s\u00e9jour tandem \u00e0 Saint Christol<\/strong><\/h2>\n<h2><strong>Juillet : Participation \u00e0 la Victorienne dans le Jura<\/strong><\/h2>\n<h2><strong>Ao\u00fbt : 6\u00e8me ascension nocturne du Mont Ventoux<\/strong><\/h2>\n<h1><strong>2024<\/strong><\/h1>\n<h2>Sorties mensuelles<\/h2>\n<h2>Participation \u00e0 Mars Bleu d\u00e9fie le Ventoux<\/h2>\n<h2>\u00a0Avril: Journ\u00e9e\u00a0\u00bb sois sport 2024&Prime; \u00e0 Cavaillon<\/h2>\n<h1><span style=\"color: #0000ff;\"><strong>Juin : Nous portons la flamme Olympique !<\/strong><\/span><\/h1>\n<h2>Juin: s\u00e9jour tandem en haute-Loire<\/h2>\n<h2>Juillet : Participation \u00e0 la Victorienne dans le Jura<\/h2>\n<h2>Juillet :Participation Challenge les boucles du soleil \u00e0 Gordes (sensibilisation \u00e0 la maladie de Parkinson)<\/h2>\n<h2>Ao\u00fbt : 7 \u00e8me ascension nocturne du Mont Ventoux<\/h2>\n<h1><span style=\"color: #0000ff;\"><strong>Du 21 au 27 ao\u00fbt: La grande travers\u00a0\u00bbe Marseille\/Paris 2024, 940 kms en 8jours pour arriver \u00e0 paris la veille des J O Paralympiques<\/strong><\/span><\/h1>\n<h1><strong>Septembre: journ\u00e9e IRRP \u00e0 Vaison<\/strong><\/h1>\n<h1>S<strong>eptembre: Sortie en hommage \u00e0 notre ami Patrice<\/strong><\/h1>\n<h2><span style=\"color: #0000ff;\">2025&#8230;<\/span><\/h2>\n<h1><span style=\"color: #0000ff;\"><strong>Nouveau responsable de l&rsquo;activit\u00e9 : Philippe Imbert<\/strong><\/span><\/h1>\n<h2><img loading=\"lazy\" decoding=\"async\" class=\"alignnone wp-image-803\" src=\"https:\/\/cyclotandemvaucluse.fr\/wp-content\/uploads\/2019\/06\/r\u00e9glages3-300x225.jpg\" alt=\"\" width=\"1280\" height=\"960\" srcset=\"https:\/\/cyclotandemvaucluse.fr\/wp-content\/uploads\/2019\/06\/r\u00e9glages3-300x225.jpg 300w, https:\/\/cyclotandemvaucluse.fr\/wp-content\/uploads\/2019\/06\/r\u00e9glages3-768x576.jpg 768w, https:\/\/cyclotandemvaucluse.fr\/wp-content\/uploads\/2019\/06\/r\u00e9glages3-1024x768.jpg 1024w, https:\/\/cyclotandemvaucluse.fr\/wp-content\/uploads\/2019\/06\/r\u00e9glages3-640x480.jpg 640w, https:\/\/cyclotandemvaucluse.fr\/wp-content\/uploads\/2019\/06\/r\u00e9glages3.jpg 1280w\" sizes=\"auto, (max-width: 1280px) 100vw, 1280px\" \/><\/h2>\n","protected":false},"excerpt":{"rendered":"<p>QUI SOMMES-NOUS\u00a0?\u00a0\u00a0\u00a0\u00a0\u00a0\u00a0\u00a0\u00a0\u00a0\u00a0\u00a0\u00a0\u00a0\u00a0\u00a0\u00a0\u00a0 L&rsquo;Association Valentin Ha\u00fcy Origine L&rsquo;association a \u00e9t\u00e9 cr\u00e9\u00e9e en 1889 par Maurice de la Sizeranne (1857-1924), sous le nom de celui que l&rsquo;on a pu appeler \u00able premier instituteur des aveugles\u00bb. Valentin Ha\u00fcy (1745-1822) fonda, en 1784, la premi\u00e8re \u00e9cole pour jeunes aveugles des deux sexes. Il leur apprit \u00e0 lire gr\u00e2ce \u00e0 [&hellip;]<\/p>\n","protected":false},"author":1,"featured_media":0,"parent":0,"menu_order":0,"comment_status":"closed","ping_status":"closed","template":"","meta":{"footnotes":""},"class_list":["post-14","page","type-page","status-publish","hentry"],"aioseo_notices":[],"_links":{"self":[{"href":"https:\/\/cyclotandemvaucluse.fr\/index.php?rest_route=\/wp\/v2\/pages\/14","targetHints":{"allow":["GET"]}}],"collection":[{"href":"https:\/\/cyclotandemvaucluse.fr\/index.php?rest_route=\/wp\/v2\/pages"}],"about":[{"href":"https:\/\/cyclotandemvaucluse.fr\/index.php?rest_route=\/wp\/v2\/types\/page"}],"author":[{"embeddable":true,"href":"https:\/\/cyclotandemvaucluse.fr\/index.php?rest_route=\/wp\/v2\/users\/1"}],"replies":[{"embeddable":true,"href":"https:\/\/cyclotandemvaucluse.fr\/index.php?rest_route=%2Fwp%2Fv2%2Fcomments&post=14"}],"version-history":[{"count":19,"href":"https:\/\/cyclotandemvaucluse.fr\/index.php?rest_route=\/wp\/v2\/pages\/14\/revisions"}],"predecessor-version":[{"id":5976,"href":"https:\/\/cyclotandemvaucluse.fr\/index.php?rest_route=\/wp\/v2\/pages\/14\/revisions\/5976"}],"wp:attachment":[{"href":"https:\/\/cyclotandemvaucluse.fr\/index.php?rest_route=%2Fwp%2Fv2%2Fmedia&parent=14"}],"curies":[{"name":"wp","href":"https:\/\/api.w.org\/{rel}","templated":true}]}}